{"id":290,"date":"2017-02-05T19:12:03","date_gmt":"2017-02-05T18:12:03","guid":{"rendered":"https:\/\/riviera2016.phisites.nl\/?page_id=290"},"modified":"2017-02-05T19:12:38","modified_gmt":"2017-02-05T18:12:38","slug":"route-en-afstanden","status":"publish","type":"page","link":"https:\/\/riviera2016.phisites.nl\/index.php\/route-en-afstanden\/","title":{"rendered":"Route en afstanden"},"content":{"rendered":"<table width=\"357\">\n<tbody>\n<tr>\n<td width=\"214\">Route<\/td>\n<td width=\"64\">dag<\/td>\n<td width=\"79\">afstand<br \/>\n(km)<\/td>\n<\/tr>\n<tr>\n<td>Ingenheim (DE)<\/td>\n<td>1<\/td>\n<td>552<\/td>\n<\/tr>\n<tr>\n<td>Recre\u00ebren<\/td>\n<td>2<\/td>\n<td><\/td>\n<\/tr>\n<tr>\n<td>Landau<\/td>\n<td>3<\/td>\n<td><\/td>\n<\/tr>\n<tr>\n<td>Pettnau (\u00d6S)<\/td>\n<td>4<\/td>\n<td>430<\/td>\n<\/tr>\n<tr>\n<td>Innsbr\u00fcck<\/td>\n<td>5<\/td>\n<td><\/td>\n<\/tr>\n<tr>\n<td>Pavia (IT)<\/td>\n<td>6<\/td>\n<td>467<\/td>\n<\/tr>\n<tr>\n<td>Pavia (IT)<\/td>\n<td>7<\/td>\n<td><\/td>\n<\/tr>\n<tr>\n<td>Milaan<\/td>\n<td>8<\/td>\n<td>75<\/td>\n<\/tr>\n<tr>\n<td>Lodi<\/td>\n<td>9<\/td>\n<td>62<\/td>\n<\/tr>\n<tr>\n<td>Riva bij Sestri Levante<\/td>\n<td>10<\/td>\n<td>169<\/td>\n<\/tr>\n<tr>\n<td>Levanto + Cinque Terre (trein)<\/td>\n<td>11<\/td>\n<td>74<\/td>\n<\/tr>\n<tr>\n<td>Sestri Levante<\/td>\n<td>12<\/td>\n<td>11<\/td>\n<\/tr>\n<tr>\n<td>Chiavari<\/td>\n<td>13<\/td>\n<td>25<\/td>\n<\/tr>\n<tr>\n<td>Sestri Levante<\/td>\n<td>14<\/td>\n<td>11<\/td>\n<\/tr>\n<tr>\n<td>Abbazia di Sant\u2019Andrea di Borzone<\/td>\n<td>15<\/td>\n<td>60<\/td>\n<\/tr>\n<tr>\n<td>Moneglia<\/td>\n<td>16<\/td>\n<td>14<\/td>\n<\/tr>\n<tr>\n<td>Portofino (Paraggi)<\/td>\n<td>17<\/td>\n<td>64<\/td>\n<\/tr>\n<tr>\n<td>Agliano Terme camping LeFonti<\/td>\n<td>18<\/td>\n<td>184<\/td>\n<\/tr>\n<tr>\n<td>Asti<\/td>\n<td>19<\/td>\n<td>32<\/td>\n<\/tr>\n<tr>\n<td>Montegrosso en Nizza Monferrato<\/td>\n<td>20<\/td>\n<td>32<\/td>\n<\/tr>\n<tr>\n<td>Rustdag<\/td>\n<td>21<\/td>\n<td><\/td>\n<\/tr>\n<tr>\n<td>Nizza Monferrato en Costigliole d\u2019 Asti<\/td>\n<td>22<\/td>\n<td>24<\/td>\n<\/tr>\n<tr>\n<td>Rustdag<\/td>\n<td>23<\/td>\n<td><\/td>\n<\/tr>\n<tr>\n<td>Agliano Terme en Acqui Therme<\/td>\n<td>24<\/td>\n<td>60<\/td>\n<\/tr>\n<tr>\n<td>Rustdag<\/td>\n<td>25<\/td>\n<td><\/td>\n<\/tr>\n<tr>\n<td>Turijn<\/td>\n<td>26<\/td>\n<td>140<\/td>\n<\/tr>\n<tr>\n<td>Saint-Jean-de-Maurienne (Fr)<\/td>\n<td>27<\/td>\n<td>210<\/td>\n<\/tr>\n<tr>\n<td>Col de Galibier<\/td>\n<td>28<\/td>\n<td>100<\/td>\n<\/tr>\n<tr>\n<td>Beaune<\/td>\n<td>29<\/td>\n<td>340<\/td>\n<\/tr>\n<tr>\n<td>Rustdag<\/td>\n<td>30<\/td>\n<td><\/td>\n<\/tr>\n<tr>\n<td>Meerssen (NL)<\/td>\n<td>31<\/td>\n<td>570<\/td>\n<\/tr>\n<tr>\n<td>Otterlo<\/td>\n<td>32<\/td>\n<td>175<\/td>\n<\/tr>\n<tr>\n<td>Harskamperdennen<\/td>\n<td>33<\/td>\n<td>8<\/td>\n<\/tr>\n<tr>\n<td>Recre\u00ebren<\/td>\n<td>34<\/td>\n<td>16<\/td>\n<\/tr>\n<tr>\n<td>Barneveld<\/td>\n<td>35<\/td>\n<td>25<\/td>\n<\/tr>\n<tr>\n<td>Purmerend<\/td>\n<td>36<\/td>\n<td>85<\/td>\n<\/tr>\n<tr>\n<td><\/td>\n<td>totaal<\/td>\n<td>4015<\/td>\n<\/tr>\n<\/tbody>\n<\/table>\n","protected":false},"excerpt":{"rendered":"<p>Route dag afstand (km) Ingenheim (DE) 1 552 Recre\u00ebren 2 Landau 3 Pettnau (\u00d6S) 4 430 Innsbr\u00fcck 5 Pavia (IT) 6 467 Pavia (IT) 7 Milaan 8 75 Lodi 9 62 Riva bij Sestri Levante 10 169 Levanto + Cinque Terre (trein) 11 74 Sestri Levante 12 11 Chiavari 13 25 Sestri Levante 14 11 &hellip; <\/p>\n<p class=\"link-more\"><a href=\"https:\/\/riviera2016.phisites.nl\/index.php\/route-en-afstanden\/\" class=\"more-link\">Lees verder <span class=\"screen-reader-text\">&#8220;Route en afstanden&#8221;<\/span><\/a><\/p>\n","protected":false},"author":2,"featured_media":0,"parent":0,"menu_order":0,"comment_status":"closed","ping_status":"closed","template":"","meta":{"footnotes":""},"class_list":["post-290","page","type-page","status-publish","hentry"],"_links":{"self":[{"href":"https:\/\/riviera2016.phisites.nl\/index.php\/wp-json\/wp\/v2\/pages\/290","targetHints":{"allow":["GET"]}}],"collection":[{"href":"https:\/\/riviera2016.phisites.nl\/index.php\/wp-json\/wp\/v2\/pages"}],"about":[{"href":"https:\/\/riviera2016.phisites.nl\/index.php\/wp-json\/wp\/v2\/types\/page"}],"author":[{"embeddable":true,"href":"https:\/\/riviera2016.phisites.nl\/index.php\/wp-json\/wp\/v2\/users\/2"}],"replies":[{"embeddable":true,"href":"https:\/\/riviera2016.phisites.nl\/index.php\/wp-json\/wp\/v2\/comments?post=290"}],"version-history":[{"count":2,"href":"https:\/\/riviera2016.phisites.nl\/index.php\/wp-json\/wp\/v2\/pages\/290\/revisions"}],"predecessor-version":[{"id":292,"href":"https:\/\/riviera2016.phisites.nl\/index.php\/wp-json\/wp\/v2\/pages\/290\/revisions\/292"}],"wp:attachment":[{"href":"https:\/\/riviera2016.phisites.nl\/index.php\/wp-json\/wp\/v2\/media?parent=290"}],"curies":[{"name":"wp","href":"https:\/\/api.w.org\/{rel}","templated":true}]}}